{"id":619,"date":"2021-11-08T12:41:06","date_gmt":"2021-11-08T11:41:06","guid":{"rendered":"http:\/\/visionproductsfactory.cz\/?page_id=619"},"modified":"2024-01-24T10:58:37","modified_gmt":"2024-01-24T09:58:37","slug":"uvodni-stranka","status":"publish","type":"page","link":"https:\/\/visionproductsfactory.cz\/","title":{"rendered":"\u00davodn\u00ed str\u00e1nka"},"content":{"rendered":"<div class=\"edit-post-visual-editor\">\n<div class=\"edit-post-visual-editor__content-area\">\n<div>\n<div class=\"editor-styles-wrapper block-editor-writing-flow\" tabindex=\"-1\">\n<div class=\"edit-post-visual-editor__post-title-wrapper\">\n<div class=\"wp-block editor-post-title editor-post-title__block\">Firma <strong>Vision Products Factory<\/strong> se specializuje na reklamn\u00ed a pr\u016fmyslov\u00e9 zna\u010den\u00ed r\u016fznych druh\u016f materi\u00e1l\u016f <br \/>Bli\u017e\u0161\u00ed informace v sekci <a title=\"Laserov\u00e9 zna\u010den\u00ed\" href=\"http:\/\/visionproductsfactory.cz\/index.php\/laserove-znaceni\/\"><strong>Laserov\u00e9 zna\u010den\u00ed<\/strong><\/a><\/div>\n<div class=\"wp-block editor-post-title editor-post-title__block\">Druh\u00e1 oblast je prodej za\u0159\u00edzen\u00ed pro kreat\u00edvni lidi, \u0161koly, dom\u00e1ci kutily, model\u00e1\u0159e, um\u011blce&#8230;.zkr\u00e1tka pro v\u0161echny u\u017eivatele, kte\u0159\u00ed hledaj\u00ed za\u0159\u00edzen\u00ed, kter\u00e9 jim pom\u016f\u017ee zrealizovat jejich kreat\u00edvni n\u00e1pady.<\/div>\n<\/div>\n<div class=\"block-editor-block-list__layout is-root-container\" data-is-drop-zone=\"true\">\n<p id=\"block-d994ec6f-0b56-4955-9c63-a4e8eec3ad38\" class=\"block-editor-rich-text__editable block-editor-block-list__block wp-block wp-block-paragraph rich-text\" tabindex=\"0\" role=\"group\" contenteditable=\"true\" aria-multiline=\"true\" aria-label=\"Blok odstavce\" data-block=\"d994ec6f-0b56-4955-9c63-a4e8eec3ad38\" data-type=\"core\/paragraph\" data-title=\"Odstavec\" data-empty=\"false\">Proto v na\u0161i nab\u00eddce n\u00e1jdete cenov\u011b p\u0159\u00edstupn\u00e9 \u0161ikovn\u00e9 ma\u0161inky, jako jsou laserov\u00e9 grav\u00edrky, CNC fr\u00e9zky, v\u00e1kuov\u00e9 lisy, \u0159ezac\u00ed plotry, 3D tisk\u00e1rny a dal\u0161\u00ed. Mame i \u0161irokou nab\u00eddku materi\u00e1l\u016f pro va\u0161i v\u00fdrobu \u2013 d\u0159evo, p\u0159ekli\u017eky, plexi, gumu, plasty a dal\u0161\u00ed.<\/p>\n<p id=\"block-6cd727cb-01a3-42db-b954-309300634640\" class=\"block-editor-rich-text__editable block-editor-block-list__block wp-block wp-block-paragraph rich-text\" tabindex=\"0\" role=\"group\" contenteditable=\"true\" aria-multiline=\"true\" aria-label=\"Blok odstavce\" data-block=\"6cd727cb-01a3-42db-b954-309300634640\" data-type=\"core\/paragraph\" data-title=\"Odstavec\" data-empty=\"false\">V\u0161echny produkty n\u00e1jdete na e-shopu. Sta\u010d\u00ed se jenom zaregistrovat a m\u016f\u017eete hned nakupovat.<\/p>\n<p>Jestli se v\u00e1m na\u0161e nab\u00eddka l\u00edb\u00ed, nebo nel\u00edb\u00ed, nebo v\u00e1m n\u011bco sch\u00e1z\u00ed, pros\u00edm nap\u00ed\u0161ete n\u00e1m va\u0161e p\u0159ipom\u00ednky na n\u00e1\u0161 email: <a href=\"mailto:vpf@visionproductsfactory.cz\">vpf@visionproductsfactory.cz<\/a><\/p>\n<p>\u00a0<\/p>\n<div class=\"siteorigin-panels-add-layout-block wp-block\" style=\"display: none;\"><button class=\"components-button is-button is-primary\">  Add SiteOrigin Layout Block <\/button><\/div>\n<\/div>\n<\/div>\n<\/div>\n<\/div>\n<\/div>\n\n\n<h3 class=\"wp-block-heading\">Produkty, kter\u00e9 prod\u00e1vame jsou velice snadn\u00e9 na ovl\u00e1dan\u00ed a budete p\u0159ekvapeni, co v\u0161echno na nich m\u016f\u017eete vyrobit. Pod\u00edvejte se na videa.<\/h3>\n\n\n\n<p><\/p>\n\n\n\n<div class=\"wp-block-siteorigin-panels-layout-block\"><div id=\"pl-619\"  class=\"panel-layout\" ><div id=\"pg-619-0\"  class=\"panel-grid panel-no-style\" ><div id=\"pgc-619-0-0\"  class=\"panel-grid-cell\" ><div id=\"panel-619-0-0-0\" class=\"so-panel widget widget_media_video panel-first-child panel-last-child\" data-index=\"0\" ><h3 class=\"widget-title\">Lasery FLUX<\/h3><div style=\"width:100%;\" class=\"wp-video\"><!--[if lt IE 9]><script>document.createElement('video');<\/script><![endif]-->\n<video class=\"wp-video-shortcode\" id=\"video-0-1\" preload=\"metadata\" controls=\"controls\"><source type=\"video\/youtube\" src=\"https:\/\/www.youtube.com\/watch?v=PwR-sX4EbYM&#038;_=1\" \/><a href=\"https:\/\/www.youtube.com\/watch?v=PwR-sX4EbYM\">https:\/\/www.youtube.com\/watch?v=PwR-sX4EbYM<\/a><\/video><\/div><\/div><\/div><div id=\"pgc-619-0-1\"  class=\"panel-grid-cell\" ><div id=\"panel-619-0-1-0\" class=\"so-panel widget widget_media_video panel-first-child panel-last-child\" data-index=\"1\" ><h3 class=\"widget-title\">CNC grav\u00edrky MEKANIKA<\/h3><div style=\"width:100%;\" class=\"wp-video\"><video class=\"wp-video-shortcode\" id=\"video-0-2\" preload=\"metadata\" controls=\"controls\"><source type=\"video\/youtube\" src=\"https:\/\/www.youtube.com\/watch?v=Jrs1woERuR8&#038;_=2\" \/><a href=\"https:\/\/www.youtube.com\/watch?v=Jrs1woERuR8\">https:\/\/www.youtube.com\/watch?v=Jrs1woERuR8<\/a><\/video><\/div><\/div><\/div><div id=\"pgc-619-0-2\"  class=\"panel-grid-cell\" ><div id=\"panel-619-0-2-0\" class=\"so-panel widget widget_media_video panel-first-child panel-last-child\" data-index=\"2\" ><h3 class=\"widget-title\">V\u00e1kuov\u00e9 lisy MAYKU<\/h3><div style=\"width:100%;\" class=\"wp-video\"><video class=\"wp-video-shortcode\" id=\"video-0-3\" preload=\"metadata\" controls=\"controls\"><source type=\"video\/youtube\" src=\"https:\/\/www.youtube.com\/watch?v=MTZ5FunrcDY&#038;_=3\" \/><a href=\"https:\/\/www.youtube.com\/watch?v=MTZ5FunrcDY\">https:\/\/www.youtube.com\/watch?v=MTZ5FunrcDY<\/a><\/video><\/div><\/div><\/div><\/div><div id=\"pg-619-1\"  class=\"panel-grid panel-no-style\" ><div id=\"pgc-619-1-0\"  class=\"panel-grid-cell\" ><div id=\"panel-619-1-0-0\" class=\"so-panel widget widget_sow-button panel-first-child panel-last-child\" data-index=\"3\" ><div class=\"so-widget-sow-button so-widget-sow-button-flat-1fb99b3c38e5-\"><div class=\"ow-button-base ow-button-align-center\">\n\t<a href=\"http:\/\/visionproductsfactory.cz\/index.php\/product-category\/laserove-gravirky\/\" class=\"ow-icon-placement-left ow-button-hover\" \t\t>\n\t\t<span>\n\t\t\t\n\t\t\tKoupit\t\t<\/span>\n\t<\/a>\n<\/div>\n<\/div><\/div>            <style type=\"text\/css\">.so-widget-sow-button-flat-1fb99b3c38e5- .ow-button-base {\n  zoom: 1;\n}\n.so-widget-sow-button-flat-1fb99b3c38e5- .ow-button-base:before {\n  content: '';\n  display: block;\n}\n.so-widget-sow-button-flat-1fb99b3c38e5- .ow-button-base:after {\n  content: '';\n  display: table;\n  clear: both;\n}\n@media (max-width: 780px) {\n  .so-widget-sow-button-flat-1fb99b3c38e5- .ow-button-base.ow-button-align-center {\n    text-align: center;\n  }\n  .so-widget-sow-button-flat-1fb99b3c38e5- .ow-button-base.ow-button-align-center.ow-button-align-justify a {\n    display: inline-block;\n  }\n}\n.so-widget-sow-button-flat-1fb99b3c38e5- .ow-button-base a {\n  -ms-box-sizing: border-box;\n  -moz-box-sizing: border-box;\n  -webkit-box-sizing: border-box;\n  box-sizing: border-box;\n  \n  font-size: 1em;\n  padding: 1em 2em;\n  background: #333333;\n  color: #ffffff !important;\n  border: 1px solid #333333;\n  border-width: 1px 0;\n  -webkit-border-radius: 0em;\n  -moz-border-radius: 0em;\n  border-radius: 0em;\n  text-shadow: 0 1px 0 rgba(0, 0, 0, 0.05);\n}\n.so-widget-sow-button-flat-1fb99b3c38e5- .ow-button-base a:active,\n.so-widget-sow-button-flat-1fb99b3c38e5- .ow-button-base a:hover {\n  color: #ffffff !important;\n}\n.so-widget-sow-button-flat-1fb99b3c38e5- .ow-button-base a.ow-button-hover:hover {\n  background: #3d3d3d;\n  border-color: #3d3d3d;\n}<\/style><\/div><div id=\"pgc-619-1-1\"  class=\"panel-grid-cell\" ><div id=\"panel-619-1-1-0\" class=\"so-panel widget widget_sow-button panel-first-child panel-last-child\" data-index=\"4\" ><div class=\"so-widget-sow-button so-widget-sow-button-flat-1fb99b3c38e5-\"><div class=\"ow-button-base ow-button-align-center\">\n\t<a href=\"http:\/\/visionproductsfactory.cz\/index.php\/product-category\/cnc\/\" class=\"ow-icon-placement-left ow-button-hover\" \t\t>\n\t\t<span>\n\t\t\t\n\t\t\tKoupit\t\t<\/span>\n\t<\/a>\n<\/div>\n<\/div><\/div>            <style type=\"text\/css\">.so-widget-sow-button-flat-1fb99b3c38e5- .ow-button-base {\n  zoom: 1;\n}\n.so-widget-sow-button-flat-1fb99b3c38e5- .ow-button-base:before {\n  content: '';\n  display: block;\n}\n.so-widget-sow-button-flat-1fb99b3c38e5- .ow-button-base:after {\n  content: '';\n  display: table;\n  clear: both;\n}\n@media (max-width: 780px) {\n  .so-widget-sow-button-flat-1fb99b3c38e5- .ow-button-base.ow-button-align-center {\n    text-align: center;\n  }\n  .so-widget-sow-button-flat-1fb99b3c38e5- .ow-button-base.ow-button-align-center.ow-button-align-justify a {\n    display: inline-block;\n  }\n}\n.so-widget-sow-button-flat-1fb99b3c38e5- .ow-button-base a {\n  -ms-box-sizing: border-box;\n  -moz-box-sizing: border-box;\n  -webkit-box-sizing: border-box;\n  box-sizing: border-box;\n  \n  font-size: 1em;\n  padding: 1em 2em;\n  background: #333333;\n  color: #ffffff !important;\n  border: 1px solid #333333;\n  border-width: 1px 0;\n  -webkit-border-radius: 0em;\n  -moz-border-radius: 0em;\n  border-radius: 0em;\n  text-shadow: 0 1px 0 rgba(0, 0, 0, 0.05);\n}\n.so-widget-sow-button-flat-1fb99b3c38e5- .ow-button-base a:active,\n.so-widget-sow-button-flat-1fb99b3c38e5- .ow-button-base a:hover {\n  color: #ffffff !important;\n}\n.so-widget-sow-button-flat-1fb99b3c38e5- .ow-button-base a.ow-button-hover:hover {\n  background: #3d3d3d;\n  border-color: #3d3d3d;\n}<\/style><\/div><div id=\"pgc-619-1-2\"  class=\"panel-grid-cell\" ><div id=\"panel-619-1-2-0\" class=\"so-panel widget widget_sow-button panel-first-child panel-last-child\" data-index=\"5\" ><div class=\"so-widget-sow-button so-widget-sow-button-flat-1fb99b3c38e5-\"><div class=\"ow-button-base ow-button-align-center\">\n\t<a href=\"http:\/\/visionproductsfactory.cz\/index.php\/product-category\/vakuove-lisy\/\" class=\"ow-icon-placement-left ow-button-hover\" \t\t>\n\t\t<span>\n\t\t\t\n\t\t\tKoupit\t\t<\/span>\n\t<\/a>\n<\/div>\n<\/div><\/div>            <style type=\"text\/css\">.so-widget-sow-button-flat-1fb99b3c38e5- .ow-button-base {\n  zoom: 1;\n}\n.so-widget-sow-button-flat-1fb99b3c38e5- .ow-button-base:before {\n  content: '';\n  display: block;\n}\n.so-widget-sow-button-flat-1fb99b3c38e5- .ow-button-base:after {\n  content: '';\n  display: table;\n  clear: both;\n}\n@media (max-width: 780px) {\n  .so-widget-sow-button-flat-1fb99b3c38e5- .ow-button-base.ow-button-align-center {\n    text-align: center;\n  }\n  .so-widget-sow-button-flat-1fb99b3c38e5- .ow-button-base.ow-button-align-center.ow-button-align-justify a {\n    display: inline-block;\n  }\n}\n.so-widget-sow-button-flat-1fb99b3c38e5- .ow-button-base a {\n  -ms-box-sizing: border-box;\n  -moz-box-sizing: border-box;\n  -webkit-box-sizing: border-box;\n  box-sizing: border-box;\n  \n  font-size: 1em;\n  padding: 1em 2em;\n  background: #333333;\n  color: #ffffff !important;\n  border: 1px solid #333333;\n  border-width: 1px 0;\n  -webkit-border-radius: 0em;\n  -moz-border-radius: 0em;\n  border-radius: 0em;\n  text-shadow: 0 1px 0 rgba(0, 0, 0, 0.05);\n}\n.so-widget-sow-button-flat-1fb99b3c38e5- .ow-button-base a:active,\n.so-widget-sow-button-flat-1fb99b3c38e5- .ow-button-base a:hover {\n  color: #ffffff !important;\n}\n.so-widget-sow-button-flat-1fb99b3c38e5- .ow-button-base a.ow-button-hover:hover {\n  background: #3d3d3d;\n  border-color: #3d3d3d;\n}<\/style><\/div><\/div><\/div><\/div>\n","protected":false},"excerpt":{"rendered":"<p>Firma Vision Products Factory se specializuje na reklamn\u00ed a pr\u016fmyslov\u00e9 zna\u010den\u00ed r\u016fznych druh\u016f materi\u00e1l\u016f Bli\u017e\u0161\u00ed informace v sekci Laserov\u00e9 zna\u010den\u00ed Druh\u00e1 oblast je prodej za\u0159\u00edzen\u00ed pro kreat\u00edvni lidi, \u0161koly, dom\u00e1ci kutily, model\u00e1\u0159e, um\u011blce&#8230;.zkr\u00e1tka pro v\u0161echny u\u017eivatele, kte\u0159\u00ed hledaj\u00ed za\u0159\u00edzen\u00ed, kter\u00e9 jim pom\u016f\u017ee zrealizovat jejich kreat\u00edvni n\u00e1pady. Proto v na\u0161i nab\u00eddce n\u00e1jdete cenov\u011b p\u0159\u00edstupn\u00e9 \u0161ikovn\u00e9 ma\u0161inky, [&hellip;]<\/p>\n","protected":false},"author":1,"featured_media":0,"parent":0,"menu_order":0,"comment_status":"closed","ping_status":"closed","template":"template-homepage.php","meta":{"om_disable_all_campaigns":false,"_monsterinsights_skip_tracking":false,"_monsterinsights_sitenote_active":false,"_monsterinsights_sitenote_note":"","_monsterinsights_sitenote_category":0,"footnotes":""},"class_list":["post-619","page","type-page","status-publish","hentry"],"aioseo_notices":[],"_links":{"self":[{"href":"https:\/\/visionproductsfactory.cz\/index.php\/wp-json\/wp\/v2\/pages\/619","targetHints":{"allow":["GET"]}}],"collection":[{"href":"https:\/\/visionproductsfactory.cz\/index.php\/wp-json\/wp\/v2\/pages"}],"about":[{"href":"https:\/\/visionproductsfactory.cz\/index.php\/wp-json\/wp\/v2\/types\/page"}],"author":[{"embeddable":true,"href":"https:\/\/visionproductsfactory.cz\/index.php\/wp-json\/wp\/v2\/users\/1"}],"replies":[{"embeddable":true,"href":"https:\/\/visionproductsfactory.cz\/index.php\/wp-json\/wp\/v2\/comments?post=619"}],"version-history":[{"count":9,"href":"https:\/\/visionproductsfactory.cz\/index.php\/wp-json\/wp\/v2\/pages\/619\/revisions"}],"predecessor-version":[{"id":654,"href":"https:\/\/visionproductsfactory.cz\/index.php\/wp-json\/wp\/v2\/pages\/619\/revisions\/654"}],"wp:attachment":[{"href":"https:\/\/visionproductsfactory.cz\/index.php\/wp-json\/wp\/v2\/media?parent=619"}],"curies":[{"name":"wp","href":"https:\/\/api.w.org\/{rel}","templated":true}]}}