{"id":648,"date":"2024-01-24T10:42:31","date_gmt":"2024-01-24T09:42:31","guid":{"rendered":"http:\/\/visionproductsfactory.cz\/?page_id=648"},"modified":"2024-01-25T12:26:37","modified_gmt":"2024-01-25T11:26:37","slug":"laserove-znaceni","status":"publish","type":"page","link":"https:\/\/visionproductsfactory.cz\/index.php\/laserove-znaceni\/","title":{"rendered":"Laserov\u00e9 zna\u010den\u00ed"},"content":{"rendered":"<div id=\"pl-648\"  class=\"panel-layout\" >\n<div id=\"pg-648-0\"  class=\"panel-grid panel-no-style\" >\n<div id=\"pgc-648-0-0\"  class=\"panel-grid-cell\"  data-weight=\"1\" >\n<div id=\"panel-648-0-0-0\" class=\"so-panel widget widget_sow-editor panel-first-child panel-last-child\" data-index=\"0\" data-style=\"{&quot;background_image_attachment&quot;:false,&quot;background_display&quot;:&quot;tile&quot;}\" >\n<div class=\"so-widget-sow-editor so-widget-sow-editor-base\">\n<div class=\"siteorigin-widget-tinymce textwidget\">\n<h3>Laserov\u00e9 pr\u016fmyslov\u00e9 a reklamn\u00ed zna\u010den\u00ed na r\u016fzne typy materi\u00e1l\u016f<\/h3>\n<p><img loading=\"lazy\" decoding=\"async\" class=\"wp-image-656 alignnone\" src=\"http:\/\/visionproductsfactory.cz\/wp-content\/uploads\/2024\/01\/kolaz-marking-300x43.jpg\" alt=\"\" width=\"914\" height=\"131\" srcset=\"https:\/\/visionproductsfactory.cz\/wp-content\/uploads\/2024\/01\/kolaz-marking-300x43.jpg 300w, https:\/\/visionproductsfactory.cz\/wp-content\/uploads\/2024\/01\/kolaz-marking-768x109.jpg 768w, https:\/\/visionproductsfactory.cz\/wp-content\/uploads\/2024\/01\/kolaz-marking-1536x218.jpg 1536w, https:\/\/visionproductsfactory.cz\/wp-content\/uploads\/2024\/01\/kolaz-marking-416x59.jpg 416w\" sizes=\"auto, (max-width: 914px) 100vw, 914px\" \/><\/p>\n<p>Na zna\u010den\u00ed pou\u017e\u00edvame r\u016fzne typy laser\u016f &#8211; CO2, Fiber, Fiber MOPA a UV lasery. D\u00edky tomu, dok\u00e1\u017eeme zna\u010dit velice rozmanit\u00e9 typy materi\u00e1l\u016f &#8211; r\u016fzne plasty, d\u0159evo, sklo, kovy, pap\u00edr, textil, f\u00f3lie atd.<br \/>\nNab\u00edzime zdarma testov\u00e1n\u00ed zna\u010den\u00ed va\u0161ich v\u00fdrobk\u016f. Sta\u010d\u00ed kdy\u017e n\u00e1m po\u0161lete vzorek a my otestujeme zna\u010den\u00ed zdarma.<br \/>\nJak prob\u00edha spolupr\u00e1ce?<br \/>\n1, Za\u0161lete n\u00e1m vzorek va\u0161eho v\u00fdrobku a my ud\u011bl\u00e1me testy zna\u010den\u00ed.<br \/>\n2, Vzorky v\u00e1m za\u0161leme na posouzen\u00ed a vypracujeme cenovou nab\u00eddku, podle n\u00e1ro\u010dnosti zna\u010den\u00ed a po\u010dtu kus\u016f.<br \/>\n3, Dohodneme dopravu, resp vyzvednut\u00ed va\u0161ich v\u00fdrobk\u016f a dohodneme term\u00edn realizace zna\u010den\u00ed.<\/p>\n<p>V p\u0159ipade jak\u00fdchkoli dotaz\u016f a dal\u0161\u00edch podrobnosti n\u00e1s pros\u00edm kontaktujte na email: <a href=\"mailto:vpf@visionproductsfactory.cz\">vpf@visionproductsfactory.cz<\/a><\/p>\n<\/div>\n<\/div>\n<\/div>\n<\/div>\n<\/div>\n<\/div>\n","protected":false},"excerpt":{"rendered":"<p>Laserov\u00e9 pr\u016fmyslov\u00e9 a reklamn\u00ed zna\u010den\u00ed na r\u016fzne typy materi\u00e1l\u016f Na zna\u010den\u00ed pou\u017e\u00edvame r\u016fzne typy laser\u016f &#8211; CO2, Fiber, Fiber MOPA a UV lasery. D\u00edky tomu, dok\u00e1\u017eeme zna\u010dit velice rozmanit\u00e9 typy materi\u00e1l\u016f &#8211; r\u016fzne plasty, d\u0159evo, sklo, kovy, pap\u00edr, textil, f\u00f3lie atd. Nab\u00edzime zdarma testov\u00e1n\u00ed zna\u010den\u00ed va\u0161ich v\u00fdrobk\u016f. Sta\u010d\u00ed kdy\u017e n\u00e1m po\u0161lete vzorek a my otestujeme [&hellip;]<\/p>\n","protected":false},"author":1,"featured_media":0,"parent":0,"menu_order":0,"comment_status":"closed","ping_status":"closed","template":"template-fullwidth.php","meta":{"om_disable_all_campaigns":false,"_monsterinsights_skip_tracking":false,"_monsterinsights_sitenote_active":false,"_monsterinsights_sitenote_note":"","_monsterinsights_sitenote_category":0,"footnotes":""},"class_list":["post-648","page","type-page","status-publish","hentry"],"aioseo_notices":[],"_links":{"self":[{"href":"https:\/\/visionproductsfactory.cz\/index.php\/wp-json\/wp\/v2\/pages\/648","targetHints":{"allow":["GET"]}}],"collection":[{"href":"https:\/\/visionproductsfactory.cz\/index.php\/wp-json\/wp\/v2\/pages"}],"about":[{"href":"https:\/\/visionproductsfactory.cz\/index.php\/wp-json\/wp\/v2\/types\/page"}],"author":[{"embeddable":true,"href":"https:\/\/visionproductsfactory.cz\/index.php\/wp-json\/wp\/v2\/users\/1"}],"replies":[{"embeddable":true,"href":"https:\/\/visionproductsfactory.cz\/index.php\/wp-json\/wp\/v2\/comments?post=648"}],"version-history":[{"count":4,"href":"https:\/\/visionproductsfactory.cz\/index.php\/wp-json\/wp\/v2\/pages\/648\/revisions"}],"predecessor-version":[{"id":659,"href":"https:\/\/visionproductsfactory.cz\/index.php\/wp-json\/wp\/v2\/pages\/648\/revisions\/659"}],"wp:attachment":[{"href":"https:\/\/visionproductsfactory.cz\/index.php\/wp-json\/wp\/v2\/media?parent=648"}],"curies":[{"name":"wp","href":"https:\/\/api.w.org\/{rel}","templated":true}]}}